{"id":704,"date":"2019-11-21T10:06:24","date_gmt":"2019-11-21T13:06:24","guid":{"rendered":"http:\/\/170.210.81.106\/ausma2020\/?page_id=704"},"modified":"2026-02-03T13:01:14","modified_gmt":"2026-02-03T16:01:14","slug":"ingreso","status":"publish","type":"page","link":"https:\/\/crusmaweb.uncoma.edu.ar\/index.php\/ingreso\/","title":{"rendered":"Ingreso"},"content":{"rendered":"\t\t<div data-elementor-type=\"wp-page\" data-elementor-id=\"704\" class=\"elementor elementor-704\" data-elementor-post-type=\"page\">\n\t\t\t\t\t\t<section class=\"elementor-section elementor-top-section elementor-element elementor-element-d0e7618 elementor-section-boxed elementor-section-height-default elementor-section-height-default\" data-id=\"d0e7618\" data-element_type=\"section\" data-e-type=\"section\">\n\t\t\t\t\t\t<div class=\"elementor-container elementor-column-gap-default\">\n\t\t\t\t\t<div class=\"elementor-column elementor-col-100 elementor-top-column elementor-element elementor-element-e1b7ee0\" data-id=\"e1b7ee0\" data-element_type=\"column\" data-e-type=\"column\">\n\t\t\t<div class=\"elementor-widget-wrap elementor-element-populated\">\n\t\t\t\t\t\t<div class=\"elementor-element elementor-element-a2cadb5 elementor-widget__width-initial elementor-widget elementor-widget-heading\" data-id=\"a2cadb5\" data-element_type=\"widget\" data-e-type=\"widget\" data-widget_type=\"heading.default\">\n\t\t\t\t<div class=\"elementor-widget-container\">\n\t\t\t\t\t<h2 class=\"elementor-heading-title elementor-size-default\">INGRESO 2026<\/h2>\t\t\t\t<\/div>\n\t\t\t\t<\/div>\n\t\t\t\t\t<\/div>\n\t\t<\/div>\n\t\t\t\t\t<\/div>\n\t\t<\/section>\n\t\t\t\t<section class=\"elementor-section elementor-top-section elementor-element elementor-element-3aed25f3 elementor-section-stretched elementor-section-boxed elementor-section-height-default elementor-section-height-default\" data-id=\"3aed25f3\" data-element_type=\"section\" data-e-type=\"section\" data-settings=\"{&quot;stretch_section&quot;:&quot;section-stretched&quot;}\">\n\t\t\t\t\t\t\t<div class=\"elementor-background-overlay\"><\/div>\n\t\t\t\t\t\t\t<div class=\"elementor-container elementor-column-gap-default\">\n\t\t\t\t\t<div class=\"elementor-column elementor-col-100 elementor-top-column elementor-element elementor-element-2a338dec\" data-id=\"2a338dec\" data-element_type=\"column\" data-e-type=\"column\">\n\t\t\t<div class=\"elementor-widget-wrap elementor-element-populated\">\n\t\t\t\t\t\t<div class=\"elementor-element elementor-element-5184cb2f elementor-widget__width-initial elementor-widget elementor-widget-text-editor\" data-id=\"5184cb2f\" data-element_type=\"widget\" data-e-type=\"widget\" data-widget_type=\"text-editor.default\">\n\t\t\t\t<div class=\"elementor-widget-container\">\n\t\t\t\t\t\t\t\t\t<figure class=\"wp-block-image size-large is-style-default\">\n<p><img decoding=\"async\" class=\"wp-image-709 alignleft\" src=\"http:\/\/170.210.81.106\/ausma2020\/wp-content\/uploads\/2019\/11\/Flyer-Ingreso-2020-UNComa-2-1024x700.png\" alt=\"\" \/><\/p>\n<\/figure>\n<p class=\"has-very-light-gray-color has-text-color has-background\" style=\"background-color: #0b476a;\"><strong>\u00a0TODAS NUESTRAS CARRERAS SON\u00a0 PRESENCIALES<\/strong><\/p>\n<div>\n<p><strong><span style=\"color: #000000;\"><span style=\"font-family: arial, sans-serif;\">Consultas a:\u00a0<\/span><\/span><\/strong><a href=\"mailto:ingreso@ausma.uncoma.edu.ar\" target=\"_blank\" rel=\"noopener\"><span style=\"color: #1155cc;\"><span style=\"font-family: arial, sans-serif;\">ingreso@ausma.uncoma.edu.ar<\/span><\/span><\/a><\/p>\n<p><span style=\"color: #000000;\"><span style=\"font-family: arial, sans-serif;\">WhatsApp institucional: +542944419831<\/span><\/span><\/p>\n<p><span style=\"font-family: Arial, sans-serif;\"><strong>FORMULARIO DE INSCRIPCI\u00d3N\u00a0 <\/strong>\u00a0desde 01\/11\/2025 al 20\/02\/2026.<\/span><\/p>\n<p><strong><span style=\"color: #000000;\"><span style=\"font-family: Arial, sans-serif;\">INSCRIPCION PRESENCIAL <\/span><\/span><\/strong><strong><span style=\"color: #000000;\"><span style=\"font-family: Arial, sans-serif;\">(<\/span><\/span><\/strong><strong><span style=\"color: #000000;\"><span style=\"font-family: Arial, sans-serif;\">entrega de documentaci\u00f3n)\u00a0<\/span><\/span><\/strong><\/p>\n<p><span style=\"color: #000000;\">\u2022<span style=\"font-family: arial, sans-serif;\">1er per\u00edodo: del 01 al 19 de Diciembre\/2025.<\/span><\/span><\/p>\n<p><span style=\"color: #000000;\">\u2022<span style=\"font-family: arial, sans-serif;\">2do. per\u00edodo: del 02 de Febrero al 20 de Febrero\/2026.<\/span><\/span><\/p>\n<p><strong><span style=\"color: #000000;\"><span style=\"font-family: arial, sans-serif;\">Documentaci\u00f3n obligatoria<\/span><\/span><\/strong><\/p>\n<p><span style=\"color: #000000;\"><span style=\"font-family: arial, sans-serif;\">a) Formulario de inscripci\u00f3n realizado por web.<br \/>b) Copia del DNI (ambas caras)<br \/>c) Copia del t\u00edtulo secundario o constancia de finalizaci\u00f3n de estudios secundarios (<\/span><\/span><strong><span style=\"color: #000000;\"><span style=\"font-family: arial, sans-serif;\">con la aclaraci\u00f3n si adeuda o no adeuda asignaturas<\/span><\/span><\/strong><span style=\"color: #000000;\"><span style=\"font-family: arial, sans-serif;\">)<\/span><\/span><\/p>\n<p><strong><span style=\"color: #000000;\"><span style=\"font-family: arial, sans-serif;\">Presentar los originales de DNI y t\u00edtulo secundario (anal\u00edtico) a la vista, o copias certificadas.<\/span><\/span><\/strong><\/p>\n<p><span style=\"color: #000000;\"><span style=\"font-family: arial, sans-serif;\">Pasaje de la Paz 235 (8370) San Mart\u00edn de los Andes \u2013 Neuqu\u00e9n.<\/span><\/span><\/p>\n<p><span style=\"color: #000000;\"><span style=\"font-family: arial, sans-serif;\">Lunes a Viernes de 09 a 14 hs.<\/span><\/span><\/p>\n<p>\u00a0<\/p>\n<p><strong><span style=\"color: #000000;\"><span style=\"font-family: arial, sans-serif;\">INSCRIPCI\u00d3N VIRTUAL (entrega de documentaci\u00f3n) <\/span><\/span><\/strong><\/p>\n<p><span style=\"color: #000000;\"><span style=\"font-family: arial, sans-serif;\">SOLO para los\/<\/span><\/span><span style=\"color: #000000;\"><span style=\"font-family: arial, sans-serif;\">as<\/span><\/span><span style=\"color: #000000;\"><span style=\"font-family: arial, sans-serif;\">\u00a0interesados\/<\/span><\/span><span style=\"color: #000000;\"><span style=\"font-family: arial, sans-serif;\">as<\/span><\/span><span style=\"color: #000000;\"><span style=\"font-family: arial, sans-serif;\"> que no residan en la localidad.<\/span><\/span><\/p>\n<p><strong><span style=\"color: #000000;\"><span style=\"font-family: arial, sans-serif;\">Documentaci\u00f3n obligatoria<\/span><\/span><\/strong><\/p>\n<p><span style=\"color: #000000;\"><span style=\"font-family: arial, sans-serif;\">a) Formulario de inscripci\u00f3n realizado por web.<br \/>b) Copia del DNI (ambas caras)<br \/>c) Copia del t\u00edtulo secundario o constancia de finalizaci\u00f3n de estudios secundarios (<\/span><\/span><strong><span style=\"color: #000000;\"><span style=\"font-family: arial, sans-serif;\">con la aclaraci\u00f3n si adeuda o no adeuda asignaturas<\/span><\/span><\/strong><span style=\"color: #000000;\"><span style=\"font-family: arial, sans-serif;\">) <\/span><\/span><span style=\"color: #000000;\"><span style=\"font-family: arial, sans-serif;\">deben ser en<\/span><\/span><strong><span style=\"color: #000000;\"><span style=\"font-family: arial, sans-serif;\"> formato digital PDF o JPG <\/span><\/span><\/strong><span style=\"color: #000000;\"><span style=\"font-family: arial, sans-serif;\">(buena calidad y perfectamente legibles).<\/span><\/span><\/p>\n<p><strong>Link de carga de documentaci\u00f3n<\/strong>:\u00a0<strong><a href=\"https:\/\/forms.gle\/BSLgAyHAJS7ToKXDA\" target=\"_blank\" rel=\"noopener\">Click aqui<\/a><\/strong><\/p>\n<p>\u00a0<\/p>\n<p><strong><span style=\"color: #000000;\"><span style=\"font-family: arial, sans-serif;\">INSCRIPCI\u00d3N Ciudadanos\/as extranjeros\/as<\/span><\/span><\/strong><\/p>\n<p><span style=\"color: #000000;\"><span style=\"font-family: arial, sans-serif;\">La inscripci\u00f3n se realiza <\/span><\/span><strong><span style=\"color: #000000;\"><span style=\"font-family: arial, sans-serif;\">UNICAMENTE\u00a0<\/span><\/span><\/strong><span style=\"color: #000000;\"><span style=\"font-family: arial, sans-serif;\">en la\u00a0<\/span><\/span><strong><span style=\"color: #000000;\"><span style=\"font-family: arial, sans-serif;\">Direcci\u00f3n de Inscripciones y Legajos de la Universidad en la sede NEUQU\u00c9N<\/span><\/span><\/strong><span style=\"color: #000000;\"><span style=\"font-family: arial, sans-serif;\">. En modalidad presencial (todo impreso) o virtual al correo electr\u00f3nico <\/span><\/span><a href=\"mailto:extranjeros@central.uncoma.edu.ar\" target=\"_blank\" rel=\"noopener\"><span style=\"color: #1155cc;\"><span style=\"font-family: arial, sans-serif;\">extranjeros@central.uncoma.<wbr \/>edu.ar<\/span><\/span><\/a><span style=\"color: #000000;\"><span style=\"font-family: arial, sans-serif;\">\u00a0<\/span><\/span><span style=\"color: #000000;\"><span style=\"font-family: arial, sans-serif;\">(formato PDF).<\/span><\/span><\/p>\n<p><strong><span style=\"color: #000000;\"><span style=\"font-family: arial, sans-serif;\">Documentaci\u00f3n Obligatoria<\/span><\/span><\/strong><\/p>\n<p><span style=\"font-family: arial, sans-serif;\"><span style=\"color: #000000;\">a) Formulario de Inscripci\u00f3n realizado por web.<br \/>b) Copia de la Residencia Precaria, otorgada por la Direcci\u00f3n Nacional de Migraciones o DNI para ciudadanos extranjeros (en caso de contar con el mismo al momento de la inscripci\u00f3n).<br \/>c) Copia del t\u00edtulo secundario (anal\u00edtico) del pa\u00eds de origen con su correspondiente legalizaci\u00f3n y\/o apostillado, o copia de la convalidaci\u00f3n de los estudios secundarios completos extranjeros otorgada por la Direcci\u00f3n de Validez Nacional de T\u00edtulos y Estudios del Ministerio de Educaci\u00f3n de la Naci\u00f3n (en el caso de contar con la misma al momento de la inscripci\u00f3n).<br \/>d) Copia del acta de nacimiento.<\/span><\/span><\/p>\n<\/div>\n<div>\n<p><strong><span style=\"color: #333333;\"><span style=\"font-family: Arial, serif;\"><span style=\"font-size: medium;\">Antes de comenzar el proceso de inscripci\u00f3n aseg\u00farate de tener una direcci\u00f3n de correo electr\u00f3nico valida y que funcione correctamente (se recomienda cuenta Gmail)<\/span><\/span><\/span><\/strong><\/p>\n<div dir=\"auto\" style=\"text-align: center;\">\u00a0<\/div>\n<div dir=\"auto\" style=\"text-align: center;\"><strong>Esta cuenta de correo ser\u00e1 tu contacto con la Universidad, por lo que deber\u00e1s revisarla frecuentemente.<\/strong><\/div>\n<div dir=\"auto\" style=\"text-align: center;\">\u00a0<\/div>\n<div dir=\"auto\" style=\"text-align: center;\"><strong>Debes prestar especial atenci\u00f3n en consignar correctamente tu N\u00b0 de DNI y Apellidos y Nombres completos, tal como figuran en tu DNI.<\/strong><\/div>\n<div dir=\"auto\" style=\"text-align: center;\">\u00a0<\/div>\n<div dir=\"auto\" style=\"text-align: center;\"><strong>Una vez registrado, debes completar el formulario de inscripci\u00f3n.<\/strong><\/div>\n<div dir=\"auto\" style=\"text-align: center;\">\u00a0<\/div>\n<div dir=\"auto\" style=\"text-align: center;\"><strong>Una vez que termines, descarga y guarda una copia.<\/strong><\/div>\n<p><b><span style=\"color: #333333;\"><span style=\"font-family: Arial, serif;\"><span style=\"font-size: medium;\">\u00a0<\/span><\/span><\/span><\/b><\/p>\n<\/div>\n<div><b><span style=\"color: #333333;\"><span style=\"font-family: Arial, serif;\"><span style=\"font-size: medium;\">\u00a0 \u00a0 \u00a0<\/span><\/span><\/span><\/b><\/div>\n<p><!-- \/wp:paragraph --><\/p>\n<p><!-- wp:button {\"style\":{\"color\":{\"text\":\"#ffffff\"}},\"backgroundColor\":\"vivid-cyan-blue\",\"align\":\"center\"} --><\/p>\n<div class=\"wp-block-button aligncenter\"><a class=\"wp-block-button__link has-vivid-cyan-blue-background-color has-text-color has-background\" style=\"color: #ffffff;\" href=\"http:\/\/preguarani.uncoma.edu.ar\/preinscripcion\/prefore\/?__o=\">COMENZAR INSCRIPCI\u00d3N T\u00e9cnico Universitario Forestal\/T\u00e9cnico Universitario en Espacios Verdes\/Ingenieria en Recursos Naturales<\/a><\/div>\n<div>\u00a0<\/div>\n<div><a class=\"wp-block-button__link has-vivid-cyan-blue-background-color has-text-color has-background\" style=\"color: #ffffff;\" href=\"http:\/\/preguarani.uncoma.edu.ar\/preinscripcion\/preguia\/?__o=\">COMENZAR INSCRIPCI\u00d3N A Gu\u00eda Universitario de Turismo<\/a><\/div>\n<p><!-- \/wp:button --><\/p>\n<p><!-- wp:button {\"style\":{\"color\":{\"text\":\"#ffffff\",\"background\":\"#60a5d0\"}},\"align\":\"center\",\"className\":\"is-style-outline\"} --><\/p>\n<div class=\"wp-block-button aligncenter is-style-outline\"><a class=\"wp-block-button__link has-text-color has-background\" style=\"background-color: #60a5d0; color: #ffffff;\" href=\"https:\/\/siuguarani.uncoma.edu.ar\/index.php\/preinscripcion\/\">Descripci\u00f3n de pasos a seguir para inscribirse<\/a><\/div>\n<p><!-- \/wp:button --><\/p>\n<p><!-- wp:paragraph {\"textColor\":\"very-light-gray\",\"style\":{\"color\":{\"background\":\"#0b476a\"}}} --><\/p>\n<p><!-- \/wp:list --><\/p>\n<p><!-- \/wp:paragraph --><\/p>\n<p><!-- wp:button {\"style\":{\"color\":{\"text\":\"#ffffff\"}},\"backgroundColor\":\"vivid-cyan-blue\",\"align\":\"center\"} --><\/p>\n<p class=\"has-very-light-gray-color has-text-color has-background\" style=\"background-color: #0b476a;\"><strong>INSCRIPCI\u00d3N A MATERIAS:<\/strong><\/p>\n<p><!-- \/wp:paragraph --><\/p>\n<p><!-- wp:list --><\/p>\n<p><span style=\"font-weight: 400;\">Una vez confirmada tu Inscripci\u00f3n se te asignar\u00e1 tu N\u00famero de Legajo con el cual\u00a0 podr\u00e1s inscribirte a las materias que quieras cursar.<\/span><\/p>\n<div class=\"wp-block-button aligncenter\"><a class=\"wp-block-button__link has-vivid-cyan-blue-background-color has-text-color has-background\" style=\"color: #ffffff;\" href=\"https:\/\/siufore.uncoma.edu.ar\/forestal\/\">SIU-GUARAN\u00cd TUF \/ TUEV \/ IRN<\/a><\/div>\n<div>\u00a0<\/div>\n<div style=\"text-align: center;\"><a class=\"wp-block-button__link has-vivid-cyan-blue-background-color has-text-color has-background\" style=\"color: #ffffff;\" href=\"https:\/\/siuguia.uncoma.edu.ar\/guia_turismo\/\">SIU-GUARAN\u00cd GUT<\/a><\/div>\n<p><!-- \/wp:button --><\/p>\n<p><!-- wp:paragraph {\"textColor\":\"very-light-gray\",\"style\":{\"color\":{\"background\":\"#0b476a\"}}} --><\/p>\n<p class=\"has-very-light-gray-color has-text-color has-background\" style=\"background-color: #0b476a;\"><strong>CONTACTOS Y CONSULTAS<\/strong><\/p>\n<p><span style=\"background-color: transparent;\">Direcci\u00f3n: Pasaje de la Paz 235. San Mart\u00edn de los Andes. Neuqu\u00e9n (CP: 8370)<\/span><br \/><span style=\"background-color: transparent;\">Horario de atenci\u00f3n: de 8 a 15 horas<\/span><br \/><span style=\"background-color: transparent;\">E-mail: <\/span><a href=\"mailto:informes@ausma.uncoma.edu.ar\">ingreso@ausma.uncoma.edu.ar<\/a><br \/><span style=\"background-color: transparent;\">Whatsapp:\u00a02944419831<\/span><\/p>\n<p><!-- \/wp:list --><\/p>\n<p><!-- wp:paragraph {\"textColor\":\"very-light-gray\",\"style\":{\"color\":{\"background\":\"#0b476a\"}}} --><\/p>\n<p class=\"has-very-light-gray-color has-text-color has-background\" style=\"background-color: #0b476a;\"><strong>DEPARTAMENTO DE ALUMNOS &#8211; TUF \/ TUEV Y IRN:<\/strong><\/p>\n<p><!-- \/wp:paragraph --><\/p>\n<p><!-- wp:paragraph {\"textColor\":\"very-dark-gray\",\"style\":{\"color\":{\"background\":\"#ffffff\"}}} --><\/p>\n<p><span style=\"background-color: transparent;\">Horario de atenci\u00f3n: de 8 a 15 horas<\/span><br \/><span style=\"background-color: transparent;\">E-mail: <\/span><a href=\"mailto:alumnos.ausma@gmail.com\">alumnos.ausma@gmail.com<\/a><\/p>\n<p><!-- \/wp:button --><\/p>\n<p><!-- wp:paragraph --><\/p>\n<p><!-- \/wp:paragraph --><\/p>\n<p><!-- wp:paragraph {\"textColor\":\"very-light-gray\",\"style\":{\"color\":{\"background\":\"#0b476a\"}}} --><\/p>\n<p class=\"has-very-light-gray-color has-text-color has-background\" style=\"background-color: #0b476a;\"><strong>DEPARTAMENTO DE ALUMNOS &#8211; GUT<\/strong><\/p>\n<p><span style=\"background-color: transparent;\">Horario de atenci\u00f3n: de 8 a 15 horas<\/span><br \/><span style=\"background-color: transparent;\">E-mail: <\/span><a href=\"mailto:guiaturismo@smandes.com.ar\">guiaturismo@smandes.com.ar<\/a><\/p>\n<p><!-- \/wp:paragraph --><\/p>\n<p><!-- wp:paragraph {\"textColor\":\"very-light-gray\",\"style\":{\"color\":{\"background\":\"#0b476a\"}}} --><\/p>\n<p class=\"has-very-light-gray-color has-text-color has-background\" style=\"background-color: #0b476a;\"><strong>SISTEMA DE BECAS:<\/strong><\/p>\n<p><span style=\"font-weight: 400;\">Comunicarse con el\u00a0<\/span><b>Departamento de Bienestar Universitario<\/b><span style=\"font-weight: 400;\">\u00a0por consultas sobre el sistema de Becas de Residencia o Becas de ayuda econ\u00f3mica:<\/span><\/p>\n<p><span style=\"background-color: transparent;\">E-mail: <\/span><a href=\"mailto:bienestar.ausma@gmail.com\">bienestar.ausma@gmail.com<\/a><\/p>\n<p><!-- \/wp:paragraph --><\/p>\n<p>\u00a0<\/p>\t\t\t\t\t\t\t\t<\/div>\n\t\t\t\t<\/div>\n\t\t\t\t\t<\/div>\n\t\t<\/div>\n\t\t\t\t\t<\/div>\n\t\t<\/section>\n\t\t\t\t<\/div>\n\t\t","protected":false},"excerpt":{"rendered":"<p>INGRESO 2026 \u00a0TODAS NUESTRAS CARRERAS SON\u00a0 PRESENCIALES Consultas a:\u00a0ingreso@ausma.uncoma.edu.ar WhatsApp institucional: +542944419831 FORMULARIO DE INSCRIPCI\u00d3N\u00a0 \u00a0desde 01\/11\/2025 al 20\/02\/2026. INSCRIPCION PRESENCIAL (entrega de documentaci\u00f3n)\u00a0 \u20221er per\u00edodo: del 01 al 19 de Diciembre\/2025. \u20222do. per\u00edodo: del 02 de Febrero al 20 de Febrero\/2026. Documentaci\u00f3n obligatoria a) Formulario de inscripci\u00f3n realizado por web.b) Copia del DNI (ambas [&hellip;]<\/p>\n","protected":false},"author":1,"featured_media":0,"parent":0,"menu_order":0,"comment_status":"closed","ping_status":"closed","template":"elementor_canvas","meta":{"footnotes":""},"class_list":["post-704","page","type-page","status-publish","hentry"],"_links":{"self":[{"href":"https:\/\/crusmaweb.uncoma.edu.ar\/index.php\/wp-json\/wp\/v2\/pages\/704","targetHints":{"allow":["GET"]}}],"collection":[{"href":"https:\/\/crusmaweb.uncoma.edu.ar\/index.php\/wp-json\/wp\/v2\/pages"}],"about":[{"href":"https:\/\/crusmaweb.uncoma.edu.ar\/index.php\/wp-json\/wp\/v2\/types\/page"}],"author":[{"embeddable":true,"href":"https:\/\/crusmaweb.uncoma.edu.ar\/index.php\/wp-json\/wp\/v2\/users\/1"}],"replies":[{"embeddable":true,"href":"https:\/\/crusmaweb.uncoma.edu.ar\/index.php\/wp-json\/wp\/v2\/comments?post=704"}],"version-history":[{"count":167,"href":"https:\/\/crusmaweb.uncoma.edu.ar\/index.php\/wp-json\/wp\/v2\/pages\/704\/revisions"}],"predecessor-version":[{"id":4829,"href":"https:\/\/crusmaweb.uncoma.edu.ar\/index.php\/wp-json\/wp\/v2\/pages\/704\/revisions\/4829"}],"wp:attachment":[{"href":"https:\/\/crusmaweb.uncoma.edu.ar\/index.php\/wp-json\/wp\/v2\/media?parent=704"}],"curies":[{"name":"wp","href":"https:\/\/api.w.org\/{rel}","templated":true}]}}